{"id":1315,"date":"2023-09-22T20:52:47","date_gmt":"2023-09-22T20:52:47","guid":{"rendered":"https:\/\/serytours.com\/?page_id=1315"},"modified":"2024-04-06T19:19:13","modified_gmt":"2024-04-06T19:19:13","slug":"contactenos-2","status":"publish","type":"page","link":"https:\/\/serytours.com\/en\/contactenos-2\/","title":{"rendered":"Calificanos"},"content":{"rendered":"\t\t<div data-elementor-type=\"wp-page\" data-elementor-id=\"1315\" class=\"elementor elementor-1315\" data-elementor-post-type=\"page\">\n\t\t\t\t\t\t<section class=\"elementor-section elementor-top-section elementor-element elementor-element-cd87ef7 elementor-section-boxed elementor-section-height-default elementor-section-height-default\" data-id=\"cd87ef7\" data-element_type=\"section\" data-e-type=\"section\">\n\t\t\t\t\t\t<div class=\"elementor-container elementor-column-gap-default\">\n\t\t\t\t\t<div class=\"elementor-column elementor-col-100 elementor-top-column elementor-element elementor-element-f0e57fe\" data-id=\"f0e57fe\" data-element_type=\"column\" data-e-type=\"column\">\n\t\t\t<div class=\"elementor-widget-wrap\">\n\t\t\t\t\t\t\t<\/div>\n\t\t<\/div>\n\t\t\t\t\t<\/div>\n\t\t<\/section>\n\t\t\t\t<section class=\"elementor-section elementor-top-section elementor-element elementor-element-d038e05 elementor-section-boxed elementor-section-height-default elementor-section-height-default\" data-id=\"d038e05\" data-element_type=\"section\" data-e-type=\"section\">\n\t\t\t\t\t\t<div class=\"elementor-container elementor-column-gap-default\">\n\t\t\t\t\t<div class=\"elementor-column elementor-col-100 elementor-top-column elementor-element elementor-element-aae7050\" data-id=\"aae7050\" data-element_type=\"column\" data-e-type=\"column\">\n\t\t\t<div class=\"elementor-widget-wrap elementor-element-populated\">\n\t\t\t\t\t\t<div class=\"elementor-element elementor-element-4f66e25 elementor-widget elementor-widget-heading\" data-id=\"4f66e25\" data-element_type=\"widget\" data-e-type=\"widget\" data-widget_type=\"heading.default\">\n\t\t\t\t<div class=\"elementor-widget-container\">\n\t\t\t\t\t<h2 class=\"elementor-heading-title elementor-size-default\">Comparte tu Experiencia: \u00a1Califica Nuestros Servicios!<\/h2>\t\t\t\t<\/div>\n\t\t\t\t<\/div>\n\t\t\t\t\t<\/div>\n\t\t<\/div>\n\t\t\t\t\t<\/div>\n\t\t<\/section>\n\t\t\t\t<section class=\"elementor-section elementor-top-section elementor-element elementor-element-0c040c0 elementor-section-boxed elementor-section-height-default elementor-section-height-default\" data-id=\"0c040c0\" data-element_type=\"section\" data-e-type=\"section\">\n\t\t\t\t\t\t<div class=\"elementor-container elementor-column-gap-default\">\n\t\t\t\t\t<div class=\"elementor-column elementor-col-50 elementor-top-column elementor-element elementor-element-a959080\" data-id=\"a959080\" data-element_type=\"column\" data-e-type=\"column\" data-settings=\"{&quot;background_background&quot;:&quot;classic&quot;}\">\n\t\t\t<div class=\"elementor-widget-wrap elementor-element-populated\">\n\t\t\t\t\t\t<div class=\"elementor-element elementor-element-8c36ea8 elementor-widget__width-initial elementor-button-align-stretch elementor-widget elementor-widget-site_reviews_form\" data-id=\"8c36ea8\" data-element_type=\"widget\" data-e-type=\"widget\" data-widget_type=\"site_reviews_form.default\">\n\t\t\t\t<div class=\"elementor-widget-container\">\n\t\t\t\t\t<?xml encoding=\"utf-8\"?><div class=\"glsr-elementor-8c36ea8 elementor-site-reviews-form\"><div class=\"glsr glsr-default\" id=\"glsr_jbybuszx\" data-from=\"elementor\" data-shortcode=\"site_reviews_form\"><div class=\"glsr-form-wrap\">\n    <form class=\"glsr-form glsr-review-form\" method=\"post\" enctype=\"multipart\/form-data\">\n        <input type=\"hidden\" name=\"site-reviews[_action]\" value=\"submit-review\">\n<input type=\"hidden\" name=\"site-reviews[_nonce]\" value=\"9fda536651\">\n<input type=\"hidden\" name=\"site-reviews[_post_id]\" value=\"1315\">\n<input type=\"hidden\" name=\"site-reviews[_referer]\" value=\"\">\n<input type=\"hidden\" name=\"site-reviews[assigned_posts]\" value=\"\">\n<input type=\"hidden\" name=\"site-reviews[assigned_terms]\" value=\"\">\n<input type=\"hidden\" name=\"site-reviews[assigned_users]\" value=\"\">\n<input type=\"hidden\" name=\"site-reviews[excluded]\" value=\"\">\n<input type=\"hidden\" name=\"site-reviews[form_id]\" value=\"glsr_jbybuszx\">\n<input type=\"hidden\" name=\"site-reviews[form_signature]\" value=\"lNNnnYd6vUVbYHQjA5rRskFVSQ8Bj6Mj3t0_lAc3BtZHyZp4gTBGzHELvtvujVh3kGJJPNCWtPeggm4Gpeu8Sy71VJ_BpiA5V1WjbNFjsb2qHgkRMLlyMTvitwDaMvnjJRgQs4VcvHNYFCLG2VCLIYD9693yJ6XANfgQAd4LqnZ4Z2MHVRB9iyGMzl3NMchdFnsoo--eyVSwOg5lQItbiMwo_fzPH9nzb4OHitm794lHak-5fpe_l2x7IhqHt3i2PxNDmB37BmmsAPsFVl3XYGT0jDXFWUGKIaKS-2NChHq8cbFlbq9LrUslYZpfUoaXVkg7XZJ8ehd2Wf6TShiLVeBu6vh9M0Q8kT4bx6wuCHvE9jp3ZdW3WI0Ihh2_oPfJ3ye4_d1o9uoe_9VLH5eA_fNRJiOdekqWuR0a_qylnwUpRvrkTln8QkH1I4c\">\n<input type=\"hidden\" name=\"site-reviews[terms_exist]\" value=\"1\">\n<div class=\"glsr-field\" style=\"display:none;\"><label for=\"site-reviews-56312518-glsr_jbybuszx\">Your review<\/label><input type=\"text\" class=\"glsr-input glsr-input-text\" id=\"site-reviews-56312518-glsr_jbybuszx\" name=\"site-reviews[56312518]\" value=\"\"><\/div>\n<div class=\"glsr-field glsr-field-rating glsr-required\" data-field=\"rating\" data-type=\"rating\">\n    <label class=\"glsr-label\" for=\"glsr_jbybuszx-rating\">\n    <span>Your overall rating<\/span>\n<\/label>\n    <select class=\"browser-default disable-select glsr-select no-wrap no_wrap\" id=\"glsr_jbybuszx-rating\" name=\"site-reviews[rating]\" required><option value=\"\">Select a Rating<\/option><option value=\"5\">5 Stars<\/option><option value=\"4\">4 Stars<\/option><option value=\"3\">3 Stars<\/option><option value=\"2\">2 Stars<\/option><option value=\"1\">1 Star<\/option><\/select>\n    <div class=\"glsr-field-error\"><\/div>\n<\/div>\n<div class=\"glsr-field glsr-field-text glsr-required\" data-field=\"title\" data-type=\"text\">\n    <label class=\"glsr-label\" for=\"glsr_jbybuszx-title\">\n    <span>Title of your review<\/span>\n<\/label>\n    <input type=\"text\" class=\"glsr-input glsr-input-text\" id=\"glsr_jbybuszx-title\" name=\"site-reviews[title]\" required placeholder=\"Summarize your review or highlight an interesting detail\" value=\"\">\n    <div class=\"glsr-field-error\"><\/div>\n<\/div>\n<div class=\"glsr-field glsr-field-textarea glsr-required\" data-field=\"content\" data-type=\"textarea\">\n    <label class=\"glsr-label\" for=\"glsr_jbybuszx-content\">\n    <span>Your review<\/span>\n<\/label>\n    <textarea class=\"glsr-textarea\" id=\"glsr_jbybuszx-content\" name=\"site-reviews[content]\" required placeholder=\"Tell people your review\" rows=\"5\"><\/textarea>\n    <div class=\"glsr-field-error\"><\/div>\n<\/div>\n<div class=\"glsr-field glsr-field-text glsr-required\" data-field=\"name\" data-type=\"text\">\n    <label class=\"glsr-label\" for=\"glsr_jbybuszx-name\">\n    <span>Your name<\/span>\n<\/label>\n    <input type=\"text\" class=\"glsr-input glsr-input-text\" id=\"glsr_jbybuszx-name\" name=\"site-reviews[name]\" required placeholder=\"Tell us your name\" value=\"\">\n    <div class=\"glsr-field-error\"><\/div>\n<\/div>\n<div class=\"glsr-field glsr-field-email glsr-required\" data-field=\"email\" data-type=\"email\">\n    <label class=\"glsr-label\" for=\"glsr_jbybuszx-email\">\n    <span>Your email<\/span>\n<\/label>\n    <input type=\"email\" class=\"glsr-input glsr-input-email\" id=\"glsr_jbybuszx-email\" name=\"site-reviews[email]\" required placeholder=\"Tell us your email\" value=\"\">\n    <div class=\"glsr-field-error\"><\/div>\n<\/div>\n<div class=\"glsr-field glsr-field-choice glsr-required\" data-field=\"terms\" data-type=\"toggle\">\n    \n    <div class=\"glsr-field-subgroup\">\n        <span class=\"glsr-field-toggle\">\n    <span>\n        <span class=\"glsr-toggle\"><input type=\"checkbox\" class=\"glsr-input-toggle\" id=\"glsr_jbybuszx-terms-1\" name=\"site-reviews[terms]\" required value=\"1\"><span class=\"glsr-toggle-track\"><\/span><\/span>\n    <\/span>\n    <label for=\"glsr_jbybuszx-terms-1\">This review is based on my own experience and is my genuine opinion.<\/label>\n<\/span>\n    <\/div>\n    <div class=\"glsr-field-error\"><\/div>\n<\/div>\n        <div class=\"glsr-form-message\">\n    \n<\/div>\n        <div data-field=\"submit-button\">\n    <div class=\"wp-block-buttons is-layout-flex\">\n        <div class=\"wp-block-button\">\n            <button type=\"submit\" class=\"glsr-button wp-block-button__link wp-element-button\" aria-busy=\"false\" data-loading=\"Submitting, please wait...\">Submit Review<\/button>\n        <\/div>\n    <\/div>\n<\/div>\n    <\/form>\n<\/div><\/div><\/div>\n\t\t\t\t<\/div>\n\t\t\t\t<\/div>\n\t\t\t\t\t<\/div>\n\t\t<\/div>\n\t\t\t\t<div class=\"elementor-column elementor-col-50 elementor-top-column elementor-element elementor-element-d532392\" data-id=\"d532392\" data-element_type=\"column\" data-e-type=\"column\" data-settings=\"{&quot;background_background&quot;:&quot;classic&quot;}\">\n\t\t\t<div class=\"elementor-widget-wrap elementor-element-populated\">\n\t\t\t\t\t\t<div class=\"elementor-element elementor-element-b550fbe elementor-widget elementor-widget-heading\" data-id=\"b550fbe\" data-element_type=\"widget\" data-e-type=\"widget\" data-widget_type=\"heading.default\">\n\t\t\t\t<div class=\"elementor-widget-container\">\n\t\t\t\t\t<h2 class=\"elementor-heading-title elementor-size-default\">Contactenos<\/h2>\t\t\t\t<\/div>\n\t\t\t\t<\/div>\n\t\t\t\t<div class=\"elementor-element elementor-element-32c5a9a elementor-widget elementor-widget-image\" data-id=\"32c5a9a\" data-element_type=\"widget\" data-e-type=\"widget\" data-widget_type=\"image.default\">\n\t\t\t\t<div class=\"elementor-widget-container\">\n\t\t\t\t\t\t\t\t\t\t\t\t\t\t\t<img fetchpriority=\"high\" decoding=\"async\" width=\"500\" height=\"500\" src=\"https:\/\/serytours.com\/wp-content\/uploads\/2023\/07\/Ser-Tours-Colombia-2.png\" class=\"attachment-large size-large wp-image-592\" alt=\"\" srcset=\"https:\/\/serytours.com\/wp-content\/uploads\/2023\/07\/Ser-Tours-Colombia-2.png 500w, https:\/\/serytours.com\/wp-content\/uploads\/2023\/07\/Ser-Tours-Colombia-2-300x300.png 300w, https:\/\/serytours.com\/wp-content\/uploads\/2023\/07\/Ser-Tours-Colombia-2-150x150.png 150w, https:\/\/serytours.com\/wp-content\/uploads\/2023\/07\/Ser-Tours-Colombia-2-100x100.png 100w\" sizes=\"(max-width: 500px) 100vw, 500px\" \/>\t\t\t\t\t\t\t\t\t\t\t\t\t\t\t<\/div>\n\t\t\t\t<\/div>\n\t\t\t\t<div class=\"elementor-element elementor-element-0faf35d elementor-widget elementor-widget-text-editor\" data-id=\"0faf35d\" data-element_type=\"widget\" data-e-type=\"widget\" data-widget_type=\"text-editor.default\">\n\t\t\t\t<div class=\"elementor-widget-container\">\n\t\t\t\t\t\t\t\t\t<p style=\"text-align: center;\"><strong>Bogot\u00e1 Colombia<\/strong><\/p>\n<p style=\"text-align: center;\">Cra. 69 #64I-32<\/p>\n<p style=\"text-align: center;\"><strong>Numeros de contacto:<\/strong><\/p>\n<ul>\n<li>+57 3203997989<\/li>\n<li>+57 3227779139<\/li>\n<\/ul>\t\t\t\t\t\t\t\t<\/div>\n\t\t\t\t<\/div>\n\t\t\t\t<div class=\"elementor-element elementor-element-5868cdd elementor-widget elementor-widget-image\" data-id=\"5868cdd\" data-element_type=\"widget\" data-e-type=\"widget\" data-widget_type=\"image.default\">\n\t\t\t\t<div class=\"elementor-widget-container\">\n\t\t\t\t\t\t\t\t\t\t\t\t\t\t\t<img decoding=\"async\" width=\"150\" height=\"150\" src=\"https:\/\/serytours.com\/wp-content\/uploads\/2023\/08\/Qr-whatsapp-150x150.png\" class=\"attachment-thumbnail size-thumbnail wp-image-1123\" alt=\"\" srcset=\"https:\/\/serytours.com\/wp-content\/uploads\/2023\/08\/Qr-whatsapp-150x150.png 150w, https:\/\/serytours.com\/wp-content\/uploads\/2023\/08\/Qr-whatsapp-300x300.png 300w, https:\/\/serytours.com\/wp-content\/uploads\/2023\/08\/Qr-whatsapp-100x100.png 100w, https:\/\/serytours.com\/wp-content\/uploads\/2023\/08\/Qr-whatsapp.png 318w\" sizes=\"(max-width: 150px) 100vw, 150px\" \/>\t\t\t\t\t\t\t\t\t\t\t\t\t\t\t<\/div>\n\t\t\t\t<\/div>\n\t\t\t\t\t<\/div>\n\t\t<\/div>\n\t\t\t\t\t<\/div>\n\t\t<\/section>\n\t\t\t\t<\/div>\n\t\t","protected":false},"excerpt":{"rendered":"<p>Comparte tu Experiencia: \u00a1Califica Nuestros Servicios! Tu rese\u00f1a Tu puntuaci\u00f3n global Seleccionar una puntuaci\u00f3n5 estrellas4 estrellas3 estrellas2 estrellas1 estrella T\u00edtulo [&hellip;]<\/p>\n","protected":false},"author":5,"featured_media":0,"parent":0,"menu_order":0,"comment_status":"closed","ping_status":"closed","template":"elementor_header_footer","meta":{"site-sidebar-layout":"default","site-content-layout":"","ast-site-content-layout":"default","site-content-style":"default","site-sidebar-style":"default","ast-global-header-display":"","ast-banner-title-visibility":"","ast-main-header-display":"","ast-hfb-above-header-display":"","ast-hfb-below-header-display":"","ast-hfb-mobile-header-display":"","site-post-title":"","ast-breadcrumbs-content":"","ast-featured-img":"","footer-sml-layout":"","ast-disable-related-posts":"","theme-transparent-header-meta":"","adv-header-id-meta":"","stick-header-meta":"","header-above-stick-meta":"","header-main-stick-meta":"","header-below-stick-meta":"","astra-migrate-meta-layouts":"set","ast-page-background-enabled":"default","ast-page-background-meta":{"desktop":{"background-color":"var(--ast-global-color-5)","background-image":"","background-repeat":"repeat","background-position":"center center","background-size":"auto","background-attachment":"scroll","background-type":"","background-media":"","overlay-type":"","overlay-color":"","overlay-opacity":"","overlay-gradient":""},"tablet":{"background-color":"","background-image":"","background-repeat":"repeat","background-position":"center center","background-size":"auto","background-attachment":"scroll","background-type":"","background-media":"","overlay-type":"","overlay-color":"","overlay-opacity":"","overlay-gradient":""},"mobile":{"background-color":"","background-image":"","background-repeat":"repeat","background-position":"center center","background-size":"auto","background-attachment":"scroll","background-type":"","background-media":"","overlay-type":"","overlay-color":"","overlay-opacity":"","overlay-gradient":""}},"ast-content-background-meta":{"desktop":{"background-color":"var(--ast-global-color-4)","background-image":"","background-repeat":"repeat","background-position":"center center","background-size":"auto","background-attachment":"scroll","background-type":"","background-media":"","overlay-type":"","overlay-color":"","overlay-opacity":"","overlay-gradient":""},"tablet":{"background-color":"var(--ast-global-color-4)","background-image":"","background-repeat":"repeat","background-position":"center center","background-size":"auto","background-attachment":"scroll","background-type":"","background-media":"","overlay-type":"","overlay-color":"","overlay-opacity":"","overlay-gradient":""},"mobile":{"background-color":"var(--ast-global-color-4)","background-image":"","background-repeat":"repeat","background-position":"center center","background-size":"auto","background-attachment":"scroll","background-type":"","background-media":"","overlay-type":"","overlay-color":"","overlay-opacity":"","overlay-gradient":""}},"_glsr_average":0,"_glsr_ranking":0,"_glsr_reviews":0,"footnotes":""},"class_list":["post-1315","page","type-page","status-publish","hentry"],"yoast_head":"<!-- This site is optimized with the Yoast SEO plugin v27.6 - https:\/\/yoast.com\/product\/yoast-seo-wordpress\/ -->\n<title>Calificanos - Agencia de Viajes y Turismo | Ser &amp; Tours Colombia<\/title>\n<meta name=\"description\" content=\"Calificanos - Agencia de Viajes y Turismo | Ser &amp; Tours Colombia\" \/>\n<meta name=\"robots\" content=\"noindex, follow, max-snippet:-1, max-image-preview:large, max-video-preview:-1\" \/>\n<meta property=\"og:locale\" content=\"en_US\" \/>\n<meta property=\"og:type\" content=\"article\" \/>\n<meta property=\"og:title\" content=\"Calificanos - Agencia de Viajes y Turismo | Ser &amp; Tours Colombia\" \/>\n<meta property=\"og:description\" content=\"Calificanos - Agencia de Viajes y Turismo | Ser &amp; Tours Colombia\" \/>\n<meta property=\"og:url\" content=\"https:\/\/serytours.com\/en\/contactenos-2\/\" \/>\n<meta property=\"og:site_name\" content=\"Agencia de Viajes y Turismo | Ser &amp; Tours Colombia\" \/>\n<meta property=\"article:publisher\" content=\"https:\/\/www.facebook.com\/serytours\" \/>\n<meta property=\"article:modified_time\" content=\"2024-04-06T19:19:13+00:00\" \/>\n<meta property=\"og:image\" content=\"http:\/\/serytours.com\/wp-content\/uploads\/2023\/07\/Ser-Tours-Colombia-2.png\" \/>\n<meta name=\"twitter:card\" content=\"summary_large_image\" \/>\n<script type=\"application\/ld+json\" class=\"yoast-schema-graph\">{\"@context\":\"https:\\\/\\\/schema.org\",\"@graph\":[{\"@type\":\"WebPage\",\"@id\":\"https:\\\/\\\/serytours.com\\\/contactenos-2\\\/\",\"url\":\"https:\\\/\\\/serytours.com\\\/contactenos-2\\\/\",\"name\":\"Calificanos - Agencia de Viajes y Turismo | Ser &amp; Tours Colombia\",\"isPartOf\":{\"@id\":\"https:\\\/\\\/serytours.com\\\/#website\"},\"primaryImageOfPage\":{\"@id\":\"https:\\\/\\\/serytours.com\\\/contactenos-2\\\/#primaryimage\"},\"image\":{\"@id\":\"https:\\\/\\\/serytours.com\\\/contactenos-2\\\/#primaryimage\"},\"thumbnailUrl\":\"http:\\\/\\\/serytours.com\\\/wp-content\\\/uploads\\\/2023\\\/07\\\/Ser-Tours-Colombia-2.png\",\"datePublished\":\"2023-09-22T20:52:47+00:00\",\"dateModified\":\"2024-04-06T19:19:13+00:00\",\"description\":\"Calificanos - Agencia de Viajes y Turismo | Ser &amp; Tours Colombia\",\"breadcrumb\":{\"@id\":\"https:\\\/\\\/serytours.com\\\/contactenos-2\\\/#breadcrumb\"},\"inLanguage\":\"en-US\",\"potentialAction\":[{\"@type\":\"ReadAction\",\"target\":[\"https:\\\/\\\/serytours.com\\\/contactenos-2\\\/\"]}]},{\"@type\":\"ImageObject\",\"inLanguage\":\"en-US\",\"@id\":\"https:\\\/\\\/serytours.com\\\/contactenos-2\\\/#primaryimage\",\"url\":\"http:\\\/\\\/serytours.com\\\/wp-content\\\/uploads\\\/2023\\\/07\\\/Ser-Tours-Colombia-2.png\",\"contentUrl\":\"http:\\\/\\\/serytours.com\\\/wp-content\\\/uploads\\\/2023\\\/07\\\/Ser-Tours-Colombia-2.png\"},{\"@type\":\"BreadcrumbList\",\"@id\":\"https:\\\/\\\/serytours.com\\\/contactenos-2\\\/#breadcrumb\",\"itemListElement\":[{\"@type\":\"ListItem\",\"position\":1,\"name\":\"Portada\",\"item\":\"https:\\\/\\\/serytours.com\\\/\"},{\"@type\":\"ListItem\",\"position\":2,\"name\":\"Calificanos\"}]},{\"@type\":\"WebSite\",\"@id\":\"https:\\\/\\\/serytours.com\\\/#website\",\"url\":\"https:\\\/\\\/serytours.com\\\/\",\"name\":\"Ser & Tours Colombia\",\"description\":\"Tours en Bogot\u00e1 y a sus alrededores, con servicios wellness\",\"publisher\":{\"@id\":\"https:\\\/\\\/serytours.com\\\/#organization\"},\"alternateName\":\"Agencia de Viajes y Turismo | Ser & Tours Colombia\",\"potentialAction\":[{\"@type\":\"SearchAction\",\"target\":{\"@type\":\"EntryPoint\",\"urlTemplate\":\"https:\\\/\\\/serytours.com\\\/?s={search_term_string}\"},\"query-input\":{\"@type\":\"PropertyValueSpecification\",\"valueRequired\":true,\"valueName\":\"search_term_string\"}}],\"inLanguage\":\"en-US\"},{\"@type\":\"Organization\",\"@id\":\"https:\\\/\\\/serytours.com\\\/#organization\",\"name\":\"Ser & Tours Colombia\",\"alternateName\":\"Agencia de Viajes y Turismo | Ser & Tours Colombia\",\"url\":\"https:\\\/\\\/serytours.com\\\/\",\"logo\":{\"@type\":\"ImageObject\",\"inLanguage\":\"en-US\",\"@id\":\"https:\\\/\\\/serytours.com\\\/#\\\/schema\\\/logo\\\/image\\\/\",\"url\":\"https:\\\/\\\/serytours.com\\\/wp-content\\\/uploads\\\/2026\\\/03\\\/cropped-Ser-Tours-Colombia-2.png\",\"contentUrl\":\"https:\\\/\\\/serytours.com\\\/wp-content\\\/uploads\\\/2026\\\/03\\\/cropped-Ser-Tours-Colombia-2.png\",\"width\":512,\"height\":512,\"caption\":\"Ser & Tours Colombia\"},\"image\":{\"@id\":\"https:\\\/\\\/serytours.com\\\/#\\\/schema\\\/logo\\\/image\\\/\"},\"sameAs\":[\"https:\\\/\\\/www.facebook.com\\\/serytours\",\"https:\\\/\\\/www.instagram.com\\\/serytours_colombia\\\/\"]}]}<\/script>\n<!-- \/ Yoast SEO plugin. -->","yoast_head_json":{"title":"Calificanos - Agencia de Viajes y Turismo | Ser &amp; Tours Colombia","description":"Calificanos - Agencia de Viajes y Turismo | Ser &amp; Tours Colombia","robots":{"index":"noindex","follow":"follow","max-snippet":"max-snippet:-1","max-image-preview":"max-image-preview:large","max-video-preview":"max-video-preview:-1"},"og_locale":"en_US","og_type":"article","og_title":"Calificanos - Agencia de Viajes y Turismo | Ser &amp; Tours Colombia","og_description":"Calificanos - Agencia de Viajes y Turismo | Ser &amp; Tours Colombia","og_url":"https:\/\/serytours.com\/en\/contactenos-2\/","og_site_name":"Agencia de Viajes y Turismo | Ser &amp; Tours Colombia","article_publisher":"https:\/\/www.facebook.com\/serytours","article_modified_time":"2024-04-06T19:19:13+00:00","og_image":[{"url":"http:\/\/serytours.com\/wp-content\/uploads\/2023\/07\/Ser-Tours-Colombia-2.png","type":"","width":"","height":""}],"twitter_card":"summary_large_image","schema":{"@context":"https:\/\/schema.org","@graph":[{"@type":"WebPage","@id":"https:\/\/serytours.com\/contactenos-2\/","url":"https:\/\/serytours.com\/contactenos-2\/","name":"Calificanos - Agencia de Viajes y Turismo | Ser &amp; Tours Colombia","isPartOf":{"@id":"https:\/\/serytours.com\/#website"},"primaryImageOfPage":{"@id":"https:\/\/serytours.com\/contactenos-2\/#primaryimage"},"image":{"@id":"https:\/\/serytours.com\/contactenos-2\/#primaryimage"},"thumbnailUrl":"http:\/\/serytours.com\/wp-content\/uploads\/2023\/07\/Ser-Tours-Colombia-2.png","datePublished":"2023-09-22T20:52:47+00:00","dateModified":"2024-04-06T19:19:13+00:00","description":"Calificanos - Agencia de Viajes y Turismo | Ser &amp; Tours Colombia","breadcrumb":{"@id":"https:\/\/serytours.com\/contactenos-2\/#breadcrumb"},"inLanguage":"en-US","potentialAction":[{"@type":"ReadAction","target":["https:\/\/serytours.com\/contactenos-2\/"]}]},{"@type":"ImageObject","inLanguage":"en-US","@id":"https:\/\/serytours.com\/contactenos-2\/#primaryimage","url":"http:\/\/serytours.com\/wp-content\/uploads\/2023\/07\/Ser-Tours-Colombia-2.png","contentUrl":"http:\/\/serytours.com\/wp-content\/uploads\/2023\/07\/Ser-Tours-Colombia-2.png"},{"@type":"BreadcrumbList","@id":"https:\/\/serytours.com\/contactenos-2\/#breadcrumb","itemListElement":[{"@type":"ListItem","position":1,"name":"Portada","item":"https:\/\/serytours.com\/"},{"@type":"ListItem","position":2,"name":"Calificanos"}]},{"@type":"WebSite","@id":"https:\/\/serytours.com\/#website","url":"https:\/\/serytours.com\/","name":"Ser & Tours Colombia","description":"Tours en Bogot\u00e1 y a sus alrededores, con servicios wellness","publisher":{"@id":"https:\/\/serytours.com\/#organization"},"alternateName":"Agencia de Viajes y Turismo | Ser & Tours Colombia","potentialAction":[{"@type":"SearchAction","target":{"@type":"EntryPoint","urlTemplate":"https:\/\/serytours.com\/?s={search_term_string}"},"query-input":{"@type":"PropertyValueSpecification","valueRequired":true,"valueName":"search_term_string"}}],"inLanguage":"en-US"},{"@type":"Organization","@id":"https:\/\/serytours.com\/#organization","name":"Ser & Tours Colombia","alternateName":"Agencia de Viajes y Turismo | Ser & Tours Colombia","url":"https:\/\/serytours.com\/","logo":{"@type":"ImageObject","inLanguage":"en-US","@id":"https:\/\/serytours.com\/#\/schema\/logo\/image\/","url":"https:\/\/serytours.com\/wp-content\/uploads\/2026\/03\/cropped-Ser-Tours-Colombia-2.png","contentUrl":"https:\/\/serytours.com\/wp-content\/uploads\/2026\/03\/cropped-Ser-Tours-Colombia-2.png","width":512,"height":512,"caption":"Ser & Tours Colombia"},"image":{"@id":"https:\/\/serytours.com\/#\/schema\/logo\/image\/"},"sameAs":["https:\/\/www.facebook.com\/serytours","https:\/\/www.instagram.com\/serytours_colombia\/"]}]}},"jetpack_sharing_enabled":true,"_links":{"self":[{"href":"https:\/\/serytours.com\/en\/wp-json\/wp\/v2\/pages\/1315","targetHints":{"allow":["GET"]}}],"collection":[{"href":"https:\/\/serytours.com\/en\/wp-json\/wp\/v2\/pages"}],"about":[{"href":"https:\/\/serytours.com\/en\/wp-json\/wp\/v2\/types\/page"}],"author":[{"embeddable":true,"href":"https:\/\/serytours.com\/en\/wp-json\/wp\/v2\/users\/5"}],"replies":[{"embeddable":true,"href":"https:\/\/serytours.com\/en\/wp-json\/wp\/v2\/comments?post=1315"}],"version-history":[{"count":16,"href":"https:\/\/serytours.com\/en\/wp-json\/wp\/v2\/pages\/1315\/revisions"}],"predecessor-version":[{"id":1712,"href":"https:\/\/serytours.com\/en\/wp-json\/wp\/v2\/pages\/1315\/revisions\/1712"}],"wp:attachment":[{"href":"https:\/\/serytours.com\/en\/wp-json\/wp\/v2\/media?parent=1315"}],"curies":[{"name":"wp","href":"https:\/\/api.w.org\/{rel}","templated":true}]}}